{"id":158,"date":"2021-03-08T15:38:08","date_gmt":"2021-03-08T15:38:08","guid":{"rendered":"http:\/\/magyarzsalu.hu\/?page_id=158"},"modified":"2021-03-08T15:42:43","modified_gmt":"2021-03-08T15:42:43","slug":"biotechnologia","status":"publish","type":"page","link":"http:\/\/magyarzsalu.hu\/?page_id=158","title":{"rendered":"BIOTECHNOL\u00d3GIA"},"content":{"rendered":"\n<figure class=\"wp-block-gallery columns-3 is-cropped wp-block-gallery-1 is-layout-flex wp-block-gallery-is-layout-flex\"><ul class=\"blocks-gallery-grid\"><li class=\"blocks-gallery-item\"><figure><img loading=\"lazy\" decoding=\"async\" width=\"1024\" height=\"576\" src=\"http:\/\/magyarzsalu.hu\/wp-content\/uploads\/2021\/03\/20171023_1624302-1024x576.jpg\" alt=\"\" data-id=\"159\" data-full-url=\"http:\/\/magyarzsalu.hu\/wp-content\/uploads\/2021\/03\/20171023_1624302-scaled.jpg\" data-link=\"http:\/\/magyarzsalu.hu\/?attachment_id=159\" class=\"wp-image-159\" srcset=\"http:\/\/magyarzsalu.hu\/wp-content\/uploads\/2021\/03\/20171023_1624302-1024x576.jpg 1024w, http:\/\/magyarzsalu.hu\/wp-content\/uploads\/2021\/03\/20171023_1624302-300x169.jpg 300w, http:\/\/magyarzsalu.hu\/wp-content\/uploads\/2021\/03\/20171023_1624302-768x432.jpg 768w, http:\/\/magyarzsalu.hu\/wp-content\/uploads\/2021\/03\/20171023_1624302-1536x864.jpg 1536w, http:\/\/magyarzsalu.hu\/wp-content\/uploads\/2021\/03\/20171023_1624302-2048x1152.jpg 2048w\" sizes=\"auto, (max-width: 1024px) 100vw, 1024px\" \/><\/figure><\/li><li class=\"blocks-gallery-item\"><figure><img loading=\"lazy\" decoding=\"async\" width=\"1024\" height=\"576\" src=\"http:\/\/magyarzsalu.hu\/wp-content\/uploads\/2021\/03\/20171023_1624521-1024x576.jpg\" alt=\"\" data-id=\"160\" data-full-url=\"http:\/\/magyarzsalu.hu\/wp-content\/uploads\/2021\/03\/20171023_1624521-scaled.jpg\" data-link=\"http:\/\/magyarzsalu.hu\/?attachment_id=160\" class=\"wp-image-160\" srcset=\"http:\/\/magyarzsalu.hu\/wp-content\/uploads\/2021\/03\/20171023_1624521-1024x576.jpg 1024w, http:\/\/magyarzsalu.hu\/wp-content\/uploads\/2021\/03\/20171023_1624521-300x169.jpg 300w, http:\/\/magyarzsalu.hu\/wp-content\/uploads\/2021\/03\/20171023_1624521-768x432.jpg 768w, http:\/\/magyarzsalu.hu\/wp-content\/uploads\/2021\/03\/20171023_1624521-1536x864.jpg 1536w, http:\/\/magyarzsalu.hu\/wp-content\/uploads\/2021\/03\/20171023_1624521-2048x1152.jpg 2048w\" sizes=\"auto, (max-width: 1024px) 100vw, 1024px\" \/><\/figure><\/li><li class=\"blocks-gallery-item\"><figure><img loading=\"lazy\" decoding=\"async\" width=\"1024\" height=\"576\" src=\"http:\/\/magyarzsalu.hu\/wp-content\/uploads\/2021\/03\/20171023_1627252-1024x576.jpg\" alt=\"\" data-id=\"161\" data-full-url=\"http:\/\/magyarzsalu.hu\/wp-content\/uploads\/2021\/03\/20171023_1627252-scaled.jpg\" data-link=\"http:\/\/magyarzsalu.hu\/?attachment_id=161\" class=\"wp-image-161\" srcset=\"http:\/\/magyarzsalu.hu\/wp-content\/uploads\/2021\/03\/20171023_1627252-1024x576.jpg 1024w, http:\/\/magyarzsalu.hu\/wp-content\/uploads\/2021\/03\/20171023_1627252-300x169.jpg 300w, http:\/\/magyarzsalu.hu\/wp-content\/uploads\/2021\/03\/20171023_1627252-768x432.jpg 768w, http:\/\/magyarzsalu.hu\/wp-content\/uploads\/2021\/03\/20171023_1627252-1536x864.jpg 1536w, http:\/\/magyarzsalu.hu\/wp-content\/uploads\/2021\/03\/20171023_1627252-2048x1152.jpg 2048w\" sizes=\"auto, (max-width: 1024px) 100vw, 1024px\" \/><\/figure><\/li><\/ul><\/figure>\n\n\n\n<p>A Magyar Zsalu 2006&nbsp; Kft. 2017-ben nemzetk\u00f6zileg is elismert szegedi kutat\u00f3kkal egy\u00fcttm\u0171k\u00f6dve megkezdte a genomikai portf\u00f3li\u00f3j\u00e1nak kialak\u00edt\u00e1s\u00e1t. Ennek r\u00e9szek\u00e9nt c\u00e9g\u00fcnk K+F aktivit\u00e1sa a c\u00e9g \u00faj szolg\u00e1ltat\u00e1sainak fejleszt\u00e9s\u00e9re valamint az akad\u00e9miai \u00e9s ipari partnerekkel foly\u00f3 kollaborat\u00edv illetve szerz\u0151d\u00e9ses projektek megval\u00f3s\u00edt\u00e1s\u00e1ra ir\u00e1nyul. F\u0151 kutat\u00e1si ir\u00e1nyvonalunk az orvosi diagnosztik\u00e1ban felhaszn\u00e1lhat\u00f3 m\u00f3dszerek, szolg\u00e1ltat\u00e1sok \u00e9s reagensek fejleszt\u00e9s\u00e9re f\u00f3kusz\u00e1lnak. Sz\u0171kebb kutat\u00e1si ter\u00fcleteink a diagnosztikai c\u00e9l\u00fa biomarkerek azonos\u00edt\u00e1sa \u00e9s azok haszn\u00e1lata k\u00fcl\u00f6nb\u00f6z\u0151 k\u00f3rk\u00e9pekben.<\/p>\n\n\n\n<p>A genomikai megk\u00f6zel\u00edt\u00e9s bevezet\u00e9se a molekul\u00e1ris biol\u00f3gi\u00e1ba radik\u00e1lisan \u00e1talak\u00edtotta napjaink k\u00eds\u00e9rletes biol\u00f3gi\u00e1j\u00e1t \u00e9s lehet\u0151v\u00e9 tette az \u00e9l\u0151 rendszerek molekul\u00e1ris m\u0171k\u00f6d\u00e9s\u00e9nek gyorsabb, \u00e1tfog\u00f3bb megismer\u00e9s\u00e9t. A genomika genom l\u00e9pt\u00e9k\u0171 anal\u00edzist jelent, vagyis azt, hogy a vizsg\u00e1latok kiterjednek az adott \u00e9l\u0151l\u00e9ny illetve egy popul\u00e1ci\u00f3 teljes DNS-szint\u0171 (<em>szerkezeti- \u00e9s metagenomika<\/em>) illetve expresszi\u00f3s-szint\u0171 (g\u00e9n-, mikroRNS-, feh\u00e9rje-kifejez\u0151d\u00e9s:&nbsp;<em>funkcion\u00e1lis genomika<\/em>; expresszi\u00f3s h\u00e1l\u00f3zatok:&nbsp;<em>rendszerbiol\u00f3gia<\/em>) vizsg\u00e1lat\u00e1ra. A genomikai alkalmaz\u00e1sok els\u0151sorban a g\u00e9nek funkci\u00f3inak meg\u00e9rt\u00e9s\u00e9ben j\u00e1tszanak szerepet, amely:<br><strong>1)<\/strong>&nbsp;az alapkutat\u00e1sban mind a molekul\u00e1ris- mind a sejtbiol\u00f3gi\u00e1ban folyamatos szeml\u00e9letv\u00e1lt\u00e1st eredm\u00e9nyez;<br><strong>2)<\/strong>&nbsp;az alkalmazott kutat\u00e1sok szempontj\u00e1b\u00f3l mindenekel\u0151tt a biomedicin\u00e1ban, \u00e9s mez\u0151gazdas\u00e1gban hasznos\u00edthat\u00f3 tud\u00e1st eredm\u00e9nyez.<\/p>\n\n\n\n<figure class=\"wp-block-gallery aligncenter columns-2 is-cropped wp-block-gallery-2 is-layout-flex wp-block-gallery-is-layout-flex\"><ul class=\"blocks-gallery-grid\"><li class=\"blocks-gallery-item\"><figure><img loading=\"lazy\" decoding=\"async\" width=\"169\" height=\"300\" src=\"http:\/\/magyarzsalu.hu\/wp-content\/uploads\/2021\/03\/20171023_1626351-169x300.jpg\" alt=\"\" data-id=\"163\" data-full-url=\"http:\/\/magyarzsalu.hu\/wp-content\/uploads\/2021\/03\/20171023_1626351-scaled.jpg\" data-link=\"http:\/\/magyarzsalu.hu\/?attachment_id=163\" class=\"wp-image-163\" srcset=\"http:\/\/magyarzsalu.hu\/wp-content\/uploads\/2021\/03\/20171023_1626351-169x300.jpg 169w, http:\/\/magyarzsalu.hu\/wp-content\/uploads\/2021\/03\/20171023_1626351-576x1024.jpg 576w, http:\/\/magyarzsalu.hu\/wp-content\/uploads\/2021\/03\/20171023_1626351-768x1365.jpg 768w, http:\/\/magyarzsalu.hu\/wp-content\/uploads\/2021\/03\/20171023_1626351-864x1536.jpg 864w, http:\/\/magyarzsalu.hu\/wp-content\/uploads\/2021\/03\/20171023_1626351-1152x2048.jpg 1152w, http:\/\/magyarzsalu.hu\/wp-content\/uploads\/2021\/03\/20171023_1626351-scaled.jpg 1440w\" sizes=\"auto, (max-width: 169px) 100vw, 169px\" \/><\/figure><\/li><li class=\"blocks-gallery-item\"><figure><img loading=\"lazy\" decoding=\"async\" width=\"169\" height=\"300\" src=\"http:\/\/magyarzsalu.hu\/wp-content\/uploads\/2021\/03\/20171023_1625401-169x300.jpg\" alt=\"\" data-id=\"164\" data-full-url=\"http:\/\/magyarzsalu.hu\/wp-content\/uploads\/2021\/03\/20171023_1625401-scaled.jpg\" data-link=\"http:\/\/magyarzsalu.hu\/?attachment_id=164\" class=\"wp-image-164\" srcset=\"http:\/\/magyarzsalu.hu\/wp-content\/uploads\/2021\/03\/20171023_1625401-169x300.jpg 169w, http:\/\/magyarzsalu.hu\/wp-content\/uploads\/2021\/03\/20171023_1625401-576x1024.jpg 576w, http:\/\/magyarzsalu.hu\/wp-content\/uploads\/2021\/03\/20171023_1625401-768x1365.jpg 768w, http:\/\/magyarzsalu.hu\/wp-content\/uploads\/2021\/03\/20171023_1625401-864x1536.jpg 864w, http:\/\/magyarzsalu.hu\/wp-content\/uploads\/2021\/03\/20171023_1625401-1152x2048.jpg 1152w, http:\/\/magyarzsalu.hu\/wp-content\/uploads\/2021\/03\/20171023_1625401-scaled.jpg 1440w\" sizes=\"auto, (max-width: 169px) 100vw, 169px\" \/><\/figure><\/li><\/ul><\/figure>\n\n\n\n<p><strong>Gyakorlati p\u00e9ld\u00e1k<\/strong><\/p>\n\n\n\n<p><em>Szem\u00e9lyre szabott gy\u00f3gy\u00e1szat<\/em><\/p>\n\n\n\n<p>Az emberi genomok 99,8 %-ban megegyeznek; a rendk\u00edv\u00fcli v\u00e1ltozatoss\u00e1g\u00e9rt mind\u00f6ssze 0,2 %-nyi DNS-szekvencia elt\u00e9r\u00e9s a felel\u0151s. \u00c9ppen ez\u00e9rt rendk\u00edv\u00fcl fontos a 100 %-os lefedetts\u00e9g, mert csak ebben az esetben rem\u00e9lhetj\u00fck, hogy pl. a betegs\u00e9gekre val\u00f3 hajlamos\u00edt\u00f3-, vagy a gy\u00f3gyszer rezisztenci\u00e1\u00e9rt felel\u0151s t\u00e9nyez\u0151ket egyedenk\u00e9nt azonos\u00edtani tudjuk. Figyelembe v\u00e9ve, hogy a teljes hum\u00e1n \u00f6r\u00f6k\u00edt\u0151anyag t\u00f6bb mint 3 milli\u00e1rd b\u00e1zisp\u00e1rb\u00f3l \u00e1ll, melynek meghat\u00e1roz\u00e1sa a hagyom\u00e1nyos technol\u00f3gi\u00e1kkal \u00e9veket \u00e9s t\u00f6bb sz\u00e1zmilli\u00f3 forintot ig\u00e9nyelne egy\u00e9nenk\u00e9nt, joggal felt\u00e9telezz\u00fck, hogy az \u00fajgener\u00e1ci\u00f3s szekven\u00e1l\u00e1si technol\u00f3gia ezen a ter\u00fcleten is \u00e1tt\u00f6r\u00e9st hozhat. Ennek legf\u0151k\u00e9ppen klinikai szempontb\u00f3l van nagy jelent\u0151s\u00e9ge, hiszen az egyes genom-mint\u00e1zatok, betegs\u00e9ghajlamok, valamint a gy\u00f3gyszerek hat\u00e9konys\u00e1ga k\u00f6z\u00f6tti \u00f6sszef\u00fcgg\u00e9sek meg\u00e9rt\u00e9se nagyban hozz\u00e1j\u00e1rulhat a szem\u00e9lyre szabott gy\u00f3gy\u00e1szat fejl\u0151d\u00e9s\u00e9hez. A v\u00e1rhat\u00f3an ugr\u00e1sszer\u0171 fejl\u0151d\u00e9s el\u0151tt \u00e1ll\u00f3 farmakogenomika c\u00e9lja pedig \u00e9ppen a szem\u00e9lyre szabott gy\u00f3gyszeres kezel\u00e9sek\/ter\u00e1pi\u00e1k kidolgoz\u00e1sa \u00e9s alkalmaz\u00e1sa.<\/p>\n\n\n\n<p><em>Tumoros elv\u00e1ltoz\u00e1sok kialakul\u00e1s\u00e1ra val\u00f3 hajlam prognosztiz\u00e1l\u00e1sa<\/em><\/p>\n\n\n\n<p>F\u00fcggetlen\u00fcl att\u00f3l, hogy sz\u00e1mos tumor kialakul\u00e1s\u00e1nak pontos mechanizmusa a mai napig ismeretlen &#8211; ezzel egy\u00fctt a ter\u00e1pi\u00e1s elj\u00e1r\u00e1sok is kiforratlanok &#8211; m\u00e9gis nagysz\u00e1m\u00fa g\u00e9nhib\u00e1t ismer\u00fcnk, amelyek ok-okozati \u00f6sszef\u00fcgg\u00e9sben \u00e1llnak a daganatok kialakul\u00e1s\u00e1val. Az \u00fajgener\u00e1ci\u00f3s szekven\u00e1l\u00f3 rendszerek seg\u00edts\u00e9g\u00e9vel, \u00e9s a megfelel\u0151 DNS-szakaszok analiz\u00e1l\u00e1s\u00e9vel ezek a g\u00e9nhib\u00e1k gyorsan felt\u00e9rk\u00e9pezhet\u0151ek; ehhez nincs sz\u00fcks\u00e9g a teljes genom szekven\u00e1l\u00e1s\u00e1ra. Ez\u00e1ltal sz\u00e1mos tumor kialakul\u00e1sa megel\u0151zhet\u0151\/k\u00e9sleltethet\u0151 ugyanakkor a megl\u00e9v\u0151 tumorokra kialak\u00edtott ter\u00e1pi\u00e1s lehet\u0151s\u00e9gek is egyszer\u0171bben, szem\u00e9lyre szabottan \u00e1ll\u00edthat\u00f3ak fel.<\/p>\n\n\n\n<figure class=\"wp-block-gallery columns-2 is-cropped wp-block-gallery-3 is-layout-flex wp-block-gallery-is-layout-flex\"><ul class=\"blocks-gallery-grid\"><li class=\"blocks-gallery-item\"><figure><img loading=\"lazy\" decoding=\"async\" width=\"1024\" height=\"576\" src=\"http:\/\/magyarzsalu.hu\/wp-content\/uploads\/2021\/03\/20171023_1629081-1024x576.jpg\" alt=\"\" data-id=\"170\" data-full-url=\"http:\/\/magyarzsalu.hu\/wp-content\/uploads\/2021\/03\/20171023_1629081-scaled.jpg\" data-link=\"http:\/\/magyarzsalu.hu\/?attachment_id=170\" class=\"wp-image-170\" srcset=\"http:\/\/magyarzsalu.hu\/wp-content\/uploads\/2021\/03\/20171023_1629081-1024x576.jpg 1024w, http:\/\/magyarzsalu.hu\/wp-content\/uploads\/2021\/03\/20171023_1629081-300x169.jpg 300w, http:\/\/magyarzsalu.hu\/wp-content\/uploads\/2021\/03\/20171023_1629081-768x432.jpg 768w, http:\/\/magyarzsalu.hu\/wp-content\/uploads\/2021\/03\/20171023_1629081-1536x864.jpg 1536w, http:\/\/magyarzsalu.hu\/wp-content\/uploads\/2021\/03\/20171023_1629081-2048x1152.jpg 2048w\" sizes=\"auto, (max-width: 1024px) 100vw, 1024px\" \/><\/figure><\/li><li class=\"blocks-gallery-item\"><figure><img loading=\"lazy\" decoding=\"async\" width=\"1024\" height=\"576\" src=\"http:\/\/magyarzsalu.hu\/wp-content\/uploads\/2021\/03\/20171023_1626191-1024x576.jpg\" alt=\"\" data-id=\"171\" data-full-url=\"http:\/\/magyarzsalu.hu\/wp-content\/uploads\/2021\/03\/20171023_1626191-scaled.jpg\" data-link=\"http:\/\/magyarzsalu.hu\/?attachment_id=171\" class=\"wp-image-171\" srcset=\"http:\/\/magyarzsalu.hu\/wp-content\/uploads\/2021\/03\/20171023_1626191-1024x576.jpg 1024w, http:\/\/magyarzsalu.hu\/wp-content\/uploads\/2021\/03\/20171023_1626191-300x169.jpg 300w, http:\/\/magyarzsalu.hu\/wp-content\/uploads\/2021\/03\/20171023_1626191-768x432.jpg 768w, http:\/\/magyarzsalu.hu\/wp-content\/uploads\/2021\/03\/20171023_1626191-1536x864.jpg 1536w, http:\/\/magyarzsalu.hu\/wp-content\/uploads\/2021\/03\/20171023_1626191-2048x1152.jpg 2048w\" sizes=\"auto, (max-width: 1024px) 100vw, 1024px\" \/><\/figure><\/li><\/ul><\/figure>\n","protected":false},"excerpt":{"rendered":"<p>A Magyar Zsalu 2006&nbsp; Kft. 2017-ben nemzetk\u00f6zileg is elismert szegedi kutat\u00f3kkal egy\u00fcttm\u0171k\u00f6dve megkezdte a genomikai portf\u00f3li\u00f3j\u00e1nak kialak\u00edt\u00e1s\u00e1t. Ennek r\u00e9szek\u00e9nt c\u00e9g\u00fcnk K+F aktivit\u00e1sa a c\u00e9g \u00faj szolg\u00e1ltat\u00e1sainak fejleszt\u00e9s\u00e9re valamint az akad\u00e9miai \u00e9s ipari partnerekkel foly\u00f3 kollaborat\u00edv illetve szerz\u0151d\u00e9ses projektek megval\u00f3s\u00edt\u00e1s\u00e1ra ir\u00e1nyul. F\u0151 kutat\u00e1si ir\u00e1nyvonalunk az orvosi diagnosztik\u00e1ban felhaszn\u00e1lhat\u00f3 m\u00f3dszerek, szolg\u00e1ltat\u00e1sok \u00e9s reagensek fejleszt\u00e9s\u00e9re f\u00f3kusz\u00e1lnak. Sz\u0171kebb kutat\u00e1si [&hellip;]<\/p>\n","protected":false},"author":1,"featured_media":0,"parent":0,"menu_order":0,"comment_status":"closed","ping_status":"closed","template":"","meta":{"_regular_price":[],"currency_symbol":[],"footnotes":""},"class_list":["post-158","page","type-page","status-publish","hentry"],"post_slider_layout_featured_media_urls":{"thumbnail":"","post_slider_layout_landscape_large":"","post_slider_layout_portrait_large":"","post_slider_layout_square_large":"","post_slider_layout_landscape":"","post_slider_layout_portrait":"","post_slider_layout_square":"","full":""},"_links":{"self":[{"href":"http:\/\/magyarzsalu.hu\/index.php?rest_route=\/wp\/v2\/pages\/158","targetHints":{"allow":["GET"]}}],"collection":[{"href":"http:\/\/magyarzsalu.hu\/index.php?rest_route=\/wp\/v2\/pages"}],"about":[{"href":"http:\/\/magyarzsalu.hu\/index.php?rest_route=\/wp\/v2\/types\/page"}],"author":[{"embeddable":true,"href":"http:\/\/magyarzsalu.hu\/index.php?rest_route=\/wp\/v2\/users\/1"}],"replies":[{"embeddable":true,"href":"http:\/\/magyarzsalu.hu\/index.php?rest_route=%2Fwp%2Fv2%2Fcomments&post=158"}],"version-history":[{"count":7,"href":"http:\/\/magyarzsalu.hu\/index.php?rest_route=\/wp\/v2\/pages\/158\/revisions"}],"predecessor-version":[{"id":172,"href":"http:\/\/magyarzsalu.hu\/index.php?rest_route=\/wp\/v2\/pages\/158\/revisions\/172"}],"wp:attachment":[{"href":"http:\/\/magyarzsalu.hu\/index.php?rest_route=%2Fwp%2Fv2%2Fmedia&parent=158"}],"curies":[{"name":"wp","href":"https:\/\/api.w.org\/{rel}","templated":true}]}}