{"id":185,"date":"2021-03-08T15:58:32","date_gmt":"2021-03-08T15:58:32","guid":{"rendered":"http:\/\/magyarzsalu.hu\/?page_id=185"},"modified":"2021-03-08T18:45:38","modified_gmt":"2021-03-08T18:45:38","slug":"galeria-2","status":"publish","type":"page","link":"http:\/\/magyarzsalu.hu\/?page_id=185","title":{"rendered":"Gal\u00e9ria"},"content":{"rendered":"<style type=\"text\/css\">.foogallery-album-gallery-list .foogallery-pile h3 { background: #fff !important; }.foogallery-album-gallery-list .foogallery-pile h3 { color: #000000 !important; }<\/style><div id=\"foogallery-album-189\">\r\n\t<ul class=\"foogallery-album-gallery-list alignment-left\">\r\n\t\t\t\t\t\t<li>\r\n\t\t\t\t\t<div class=\"foogallery-pile\">\r\n\t\t\t\t\t\t<div class=\"foogallery-pile-inner\">\r\n\t\t\t\t\t\t\t<a href=\"\/index.php?rest_route=%2Fwp%2Fv2%2Fpages%2F185&#038;gallery=galeria-sajat-beruhazas-komplexlabor-epulet-2018-2019#galeria\" target=\"_self\">\r\n\t\t\t\t\t\t\t\t<img loading=\"lazy\" decoding=\"async\"  src=\"http:\/\/magyarzsalu.hu\/wp-content\/uploads\/cache\/2021\/03\/458-scaled\/445282334.jpg\" width=\"250\" height=\"250\" class=\"skip-lazy\" \/>\t\t\t\t\t\t\t\t\t\t\t\t\t\t\t\t<h3><a href=\"https:\/\/komplexlabor.hu\/\" target=\"_blank\" rel=\"noopener\">SAJ\u00c1T BERUH\u00c1Z\u00c1S-KOMPLEXLABOR \u00c9P\u00dcLET (2018-2019)<\/a>\t\t\t\t\t\t\t\t\t<span>6 images<\/span>\r\n\t\t\t\t\t\t\t\t<\/h3>\r\n\t\t\t\t\t\t\t<\/a>\r\n\t\t\t\t\t\t<\/div>\r\n\t\t\t\t\t<\/div>\r\n\t\t\t\t<\/li>\r\n\t\t\t\t\t\t\t\t\t<li>\r\n\t\t\t\t\t<div class=\"foogallery-pile\">\r\n\t\t\t\t\t\t<div class=\"foogallery-pile-inner\">\r\n\t\t\t\t\t\t\t<a href=\"\/index.php?rest_route=%2Fwp%2Fv2%2Fpages%2F185&#038;gallery=balatonlelle-szalloda-felujitas-2020-jelenleg#galeria\" target=\"_self\">\r\n\t\t\t\t\t\t\t\t<img loading=\"lazy\" decoding=\"async\"  src=\"http:\/\/magyarzsalu.hu\/wp-content\/uploads\/cache\/2021\/04\/Lelle3\/383696050.png\" width=\"250\" height=\"250\" class=\"skip-lazy\" \/>\t\t\t\t\t\t\t\t\t\t\t\t\t\t\t\t<h3>Balatonlelle Sz\u00e1lloda fel\u00faj\u00edt\u00e1s (2020)\t\t\t\t\t\t\t\t\t<span>2 images<\/span>\r\n\t\t\t\t\t\t\t\t<\/h3>\r\n\t\t\t\t\t\t\t<\/a>\r\n\t\t\t\t\t\t<\/div>\r\n\t\t\t\t\t<\/div>\r\n\t\t\t\t<\/li>\r\n\t\t\t\t\t\t\t\t\t<li>\r\n\t\t\t\t\t<div class=\"foogallery-pile\">\r\n\t\t\t\t\t\t<div class=\"foogallery-pile-inner\">\r\n\t\t\t\t\t\t\t<a href=\"\/index.php?rest_route=%2Fwp%2Fv2%2Fpages%2F185&#038;gallery=budaors-burger-king-drive-2018#galeria\" target=\"_self\">\r\n\t\t\t\t\t\t\t\t<img loading=\"lazy\" decoding=\"async\"  src=\"http:\/\/magyarzsalu.hu\/wp-content\/uploads\/cache\/2021\/03\/439-scaled\/4127178736.jpg\" width=\"250\" height=\"250\" class=\"skip-lazy\" \/>\t\t\t\t\t\t\t\t\t\t\t\t\t\t\t\t<h3>BUDA\u00d6RS BURGER KING DRIVE (2018)\t\t\t\t\t\t\t\t\t<span>4 images<\/span>\r\n\t\t\t\t\t\t\t\t<\/h3>\r\n\t\t\t\t\t\t\t<\/a>\r\n\t\t\t\t\t\t<\/div>\r\n\t\t\t\t\t<\/div>\r\n\t\t\t\t<\/li>\r\n\t\t\t\t\t\t\t\t\t<li>\r\n\t\t\t\t\t<div class=\"foogallery-pile\">\r\n\t\t\t\t\t\t<div class=\"foogallery-pile-inner\">\r\n\t\t\t\t\t\t\t<a href=\"\/index.php?rest_route=%2Fwp%2Fv2%2Fpages%2F185&#038;gallery=kecskemet-burger-king-drive-2018#galeria\" target=\"_self\">\r\n\t\t\t\t\t\t\t\t<img loading=\"lazy\" decoding=\"async\"  src=\"http:\/\/magyarzsalu.hu\/wp-content\/uploads\/cache\/2021\/03\/435-scaled\/966150611.jpg\" width=\"250\" height=\"250\" class=\"skip-lazy\" \/>\t\t\t\t\t\t\t\t\t\t\t\t\t\t\t\t<h3>KECSKEM\u00c9T BURGER KING DRIVE (2018)\t\t\t\t\t\t\t\t\t<span>5 images<\/span>\r\n\t\t\t\t\t\t\t\t<\/h3>\r\n\t\t\t\t\t\t\t<\/a>\r\n\t\t\t\t\t\t<\/div>\r\n\t\t\t\t\t<\/div>\r\n\t\t\t\t<\/li>\r\n\t\t\t\t\t\t\t\t\t<li>\r\n\t\t\t\t\t<div class=\"foogallery-pile\">\r\n\t\t\t\t\t\t<div class=\"foogallery-pile-inner\">\r\n\t\t\t\t\t\t\t<a href=\"\/index.php?rest_route=%2Fwp%2Fv2%2Fpages%2F185&#038;gallery=budapest-timar-utca-iskola-epulet-felujitas-2017#galeria\" target=\"_self\">\r\n\t\t\t\t\t\t\t\t<img loading=\"lazy\" decoding=\"async\"  src=\"http:\/\/magyarzsalu.hu\/wp-content\/uploads\/cache\/2021\/03\/456-scaled\/1353709725.jpg\" width=\"250\" height=\"250\" class=\"skip-lazy\" \/>\t\t\t\t\t\t\t\t\t\t\t\t\t\t\t\t<h3>BUDAPEST TIM\u00c1R UTCA ISKOLA \u00c9P\u00dcLET FEL\u00daJ\u00cdT\u00c1S (2017)\t\t\t\t\t\t\t\t\t<span>17 images<\/span>\r\n\t\t\t\t\t\t\t\t<\/h3>\r\n\t\t\t\t\t\t\t<\/a>\r\n\t\t\t\t\t\t<\/div>\r\n\t\t\t\t\t<\/div>\r\n\t\t\t\t<\/li>\r\n\t\t\t\t\t\t\t\t\t<li>\r\n\t\t\t\t\t<div class=\"foogallery-pile\">\r\n\t\t\t\t\t\t<div class=\"foogallery-pile-inner\">\r\n\t\t\t\t\t\t\t<a href=\"\/index.php?rest_route=%2Fwp%2Fv2%2Fpages%2F185&#038;gallery=biotechnologiai-labor-epitese-2017#galeria\" target=\"_self\">\r\n\t\t\t\t\t\t\t\t<img loading=\"lazy\" decoding=\"async\"  src=\"http:\/\/magyarzsalu.hu\/wp-content\/uploads\/cache\/2021\/04\/20170627_133022\/1032089522.jpg\" width=\"250\" height=\"250\" class=\"skip-lazy\" \/>\t\t\t\t\t\t\t\t\t\t\t\t\t\t\t\t<h3>Biotechnol\u00f3giai labor \u00e9p\u00edt\u00e9se (2017)\t\t\t\t\t\t\t\t\t<span>8 images<\/span>\r\n\t\t\t\t\t\t\t\t<\/h3>\r\n\t\t\t\t\t\t\t<\/a>\r\n\t\t\t\t\t\t<\/div>\r\n\t\t\t\t\t<\/div>\r\n\t\t\t\t<\/li>\r\n\t\t\t\t\t\t\t\t\t<li>\r\n\t\t\t\t\t<div class=\"foogallery-pile\">\r\n\t\t\t\t\t\t<div class=\"foogallery-pile-inner\">\r\n\t\t\t\t\t\t\t<a href=\"\/index.php?rest_route=%2Fwp%2Fv2%2Fpages%2F185&#038;gallery=csengele-libavagohid-kivitelezese-2016-2017#galeria\" target=\"_self\">\r\n\t\t\t\t\t\t\t\t<img loading=\"lazy\" decoding=\"async\"  src=\"http:\/\/magyarzsalu.hu\/wp-content\/uploads\/cache\/2021\/03\/416-scaled\/2005241035.jpg\" width=\"250\" height=\"250\" class=\"skip-lazy\" \/>\t\t\t\t\t\t\t\t\t\t\t\t\t\t\t\t<h3>CSENGELE, LIBAV\u00c1G\u00d3H\u00cdD KIVITELEZ\u00c9SE (2016-2017)\t\t\t\t\t\t\t\t\t<span>11 images<\/span>\r\n\t\t\t\t\t\t\t\t<\/h3>\r\n\t\t\t\t\t\t\t<\/a>\r\n\t\t\t\t\t\t<\/div>\r\n\t\t\t\t\t<\/div>\r\n\t\t\t\t<\/li>\r\n\t\t\t\t\t\t\t\t\t<li>\r\n\t\t\t\t\t<div class=\"foogallery-pile\">\r\n\t\t\t\t\t\t<div class=\"foogallery-pile-inner\">\r\n\t\t\t\t\t\t\t<a href=\"\/index.php?rest_route=%2Fwp%2Fv2%2Fpages%2F185&#038;gallery=hodmezovasarhely-bakay-utca-utfelujitas-2015-2016#galeria\" target=\"_self\">\r\n\t\t\t\t\t\t\t\t<img loading=\"lazy\" decoding=\"async\"  src=\"http:\/\/magyarzsalu.hu\/wp-content\/uploads\/cache\/2021\/03\/379-scaled\/459629540.jpg\" width=\"250\" height=\"250\" class=\"skip-lazy\" \/>\t\t\t\t\t\t\t\t\t\t\t\t\t\t\t\t<h3>H\u00d3DMEZ\u0150V\u00c1S\u00c1RHELY, BAKAY UTCA \u00daTFEL\u00daJ\u00cdT\u00c1S (2015-2016)\t\t\t\t\t\t\t\t\t<span>3 images<\/span>\r\n\t\t\t\t\t\t\t\t<\/h3>\r\n\t\t\t\t\t\t\t<\/a>\r\n\t\t\t\t\t\t<\/div>\r\n\t\t\t\t\t<\/div>\r\n\t\t\t\t<\/li>\r\n\t\t\t\t\t\t\t\t\t<li>\r\n\t\t\t\t\t<div class=\"foogallery-pile\">\r\n\t\t\t\t\t\t<div class=\"foogallery-pile-inner\">\r\n\t\t\t\t\t\t\t<a href=\"\/index.php?rest_route=%2Fwp%2Fv2%2Fpages%2F185&#038;gallery=maroslele-7-db-szocialis-berlakas-epitese-2016#galeria\" target=\"_self\">\r\n\t\t\t\t\t\t\t\t<img loading=\"lazy\" decoding=\"async\"  src=\"http:\/\/magyarzsalu.hu\/wp-content\/uploads\/cache\/2021\/03\/405-scaled\/2646221632.jpg\" width=\"250\" height=\"250\" class=\"skip-lazy\" \/>\t\t\t\t\t\t\t\t\t\t\t\t\t\t\t\t<h3>MAROSLELE 7 DB SZOCI\u00c1LIS B\u00c9RLAK\u00c1S \u00c9P\u00cdT\u00c9SE (2016)\t\t\t\t\t\t\t\t\t<span>10 images<\/span>\r\n\t\t\t\t\t\t\t\t<\/h3>\r\n\t\t\t\t\t\t\t<\/a>\r\n\t\t\t\t\t\t<\/div>\r\n\t\t\t\t\t<\/div>\r\n\t\t\t\t<\/li>\r\n\t\t\t\t\t\t\t\t\t<li>\r\n\t\t\t\t\t<div class=\"foogallery-pile\">\r\n\t\t\t\t\t\t<div class=\"foogallery-pile-inner\">\r\n\t\t\t\t\t\t\t<a href=\"\/index.php?rest_route=%2Fwp%2Fv2%2Fpages%2F185&#038;gallery=34-lakasos-tarsashaz-budapest-ady-117-2015-2016#galeria\" target=\"_self\">\r\n\t\t\t\t\t\t\t\t<img loading=\"lazy\" decoding=\"async\"  src=\"http:\/\/magyarzsalu.hu\/wp-content\/uploads\/cache\/2021\/03\/397\/2590959711.jpg\" width=\"250\" height=\"250\" class=\"skip-lazy\" \/>\t\t\t\t\t\t\t\t\t\t\t\t\t\t\t\t<h3>34 LAK\u00c1SOS T\u00c1RSASH\u00c1Z-BUDAPEST, ADY 117. (2015-2016)\t\t\t\t\t\t\t\t\t<span>22 images<\/span>\r\n\t\t\t\t\t\t\t\t<\/h3>\r\n\t\t\t\t\t\t\t<\/a>\r\n\t\t\t\t\t\t<\/div>\r\n\t\t\t\t\t<\/div>\r\n\t\t\t\t<\/li>\r\n\t\t\t\t\t\t\t\t\t<li>\r\n\t\t\t\t\t<div class=\"foogallery-pile\">\r\n\t\t\t\t\t\t<div class=\"foogallery-pile-inner\">\r\n\t\t\t\t\t\t\t<a href=\"\/index.php?rest_route=%2Fwp%2Fv2%2Fpages%2F185&#038;gallery=foldes-meglevo-szennyviztisztito-telep-bovitese-korszerusitese-2015-2016#galeria\" target=\"_self\">\r\n\t\t\t\t\t\t\t\t<img loading=\"lazy\" decoding=\"async\"  src=\"http:\/\/magyarzsalu.hu\/wp-content\/uploads\/cache\/2021\/03\/353-scaled\/1127387448.jpg\" width=\"250\" height=\"250\" class=\"skip-lazy\" \/>\t\t\t\t\t\t\t\t\t\t\t\t\t\t\t\t<h3>F\u00d6LDES-MEGL\u00c9V\u0150 SZENNYV\u00cdZTISZTIT\u00d3 TELEP B\u0150V\u00cdT\u00c9SE, KORSZER\u0170S\u00cdT\u00c9SE (2015-2016)\t\t\t\t\t\t\t\t\t<span>4 images<\/span>\r\n\t\t\t\t\t\t\t\t<\/h3>\r\n\t\t\t\t\t\t\t<\/a>\r\n\t\t\t\t\t\t<\/div>\r\n\t\t\t\t\t<\/div>\r\n\t\t\t\t<\/li>\r\n\t\t\t\t\t\t\t\t\t<li>\r\n\t\t\t\t\t<div class=\"foogallery-pile\">\r\n\t\t\t\t\t\t<div class=\"foogallery-pile-inner\">\r\n\t\t\t\t\t\t\t<a href=\"\/index.php?rest_route=%2Fwp%2Fv2%2Fpages%2F185&#038;gallery=mako-munkaugyi-kozpont-kivitelezese-2015#galeria\" target=\"_self\">\r\n\t\t\t\t\t\t\t\t<img loading=\"lazy\" decoding=\"async\"  src=\"http:\/\/magyarzsalu.hu\/wp-content\/uploads\/cache\/2021\/03\/420\/3419561799.jpg\" width=\"250\" height=\"250\" class=\"skip-lazy\" \/>\t\t\t\t\t\t\t\t\t\t\t\t\t\t\t\t<h3>MAK\u00d3, MUNKA\u00dcGYI K\u00d6ZPONT KIVITELEZ\u00c9SE (2015)\t\t\t\t\t\t\t\t\t<span>4 images<\/span>\r\n\t\t\t\t\t\t\t\t<\/h3>\r\n\t\t\t\t\t\t\t<\/a>\r\n\t\t\t\t\t\t<\/div>\r\n\t\t\t\t\t<\/div>\r\n\t\t\t\t<\/li>\r\n\t\t\t\t\t\t\t\t\t<li>\r\n\t\t\t\t\t<div class=\"foogallery-pile\">\r\n\t\t\t\t\t\t<div class=\"foogallery-pile-inner\">\r\n\t\t\t\t\t\t\t<a href=\"\/index.php?rest_route=%2Fwp%2Fv2%2Fpages%2F185&#038;gallery=bagamer-nagykozseg-szennyvizcsatornazasa-2015#galeria\" target=\"_self\">\r\n\t\t\t\t\t\t\t\t<img loading=\"lazy\" decoding=\"async\"  src=\"http:\/\/magyarzsalu.hu\/wp-content\/uploads\/cache\/2021\/03\/370\/1432889570.jpg\" width=\"250\" height=\"250\" class=\"skip-lazy\" \/>\t\t\t\t\t\t\t\t\t\t\t\t\t\t\t\t<h3>BAGAM\u00c9R NAGYK\u00d6ZS\u00c9G SZENNYV\u00cdZCSATORN\u00c1Z\u00c1SA (2015)\t\t\t\t\t\t\t\t\t<span>1 image<\/span>\r\n\t\t\t\t\t\t\t\t<\/h3>\r\n\t\t\t\t\t\t\t<\/a>\r\n\t\t\t\t\t\t<\/div>\r\n\t\t\t\t\t<\/div>\r\n\t\t\t\t<\/li>\r\n\t\t\t\t\t\t\t\t\t<li>\r\n\t\t\t\t\t<div class=\"foogallery-pile\">\r\n\t\t\t\t\t\t<div class=\"foogallery-pile-inner\">\r\n\t\t\t\t\t\t\t<a href=\"\/index.php?rest_route=%2Fwp%2Fv2%2Fpages%2F185&#038;gallery=kistelek-hungaromed-hotel-es-komplementer-gyogyaszati-kozpont-2014-2015#galeria\" target=\"_self\">\r\n\t\t\t\t\t\t\t\t<img loading=\"lazy\" decoding=\"async\"  src=\"http:\/\/magyarzsalu.hu\/wp-content\/uploads\/cache\/2021\/03\/339-scaled\/740154251.jpg\" width=\"250\" height=\"250\" class=\"skip-lazy\" \/>\t\t\t\t\t\t\t\t\t\t\t\t\t\t\t\t<h3>KISTELEK, HUNGAROMED HOTEL \u00c9S KOMPLEMENTER GY\u00d3GY\u00c1SZATI K\u00d6ZPONT (2014-2015)\t\t\t\t\t\t\t\t\t<span>7 images<\/span>\r\n\t\t\t\t\t\t\t\t<\/h3>\r\n\t\t\t\t\t\t\t<\/a>\r\n\t\t\t\t\t\t<\/div>\r\n\t\t\t\t\t<\/div>\r\n\t\t\t\t<\/li>\r\n\t\t\t\t\t\t\t\t\t<li>\r\n\t\t\t\t\t<div class=\"foogallery-pile\">\r\n\t\t\t\t\t\t<div class=\"foogallery-pile-inner\">\r\n\t\t\t\t\t\t\t<a href=\"\/index.php?rest_route=%2Fwp%2Fv2%2Fpages%2F185&#038;gallery=morahalom-diagnoszikai-egyseg-kivitelezese-iii-utem-2014-2015#galeria\" target=\"_self\">\r\n\t\t\t\t\t\t\t\t<img loading=\"lazy\" decoding=\"async\"  src=\"http:\/\/magyarzsalu.hu\/wp-content\/uploads\/cache\/2021\/03\/338-scaled\/98827526.jpg\" width=\"250\" height=\"250\" class=\"skip-lazy\" \/>\t\t\t\t\t\t\t\t\t\t\t\t\t\t\t\t<h3>M\u00d3RAHALOM DIAGNOSZIKAI EGYS\u00c9G KIVITELEZ\u00c9SE III.\u00dcTEM (2014-2015)\t\t\t\t\t\t\t\t\t<span>10 images<\/span>\r\n\t\t\t\t\t\t\t\t<\/h3>\r\n\t\t\t\t\t\t\t<\/a>\r\n\t\t\t\t\t\t<\/div>\r\n\t\t\t\t\t<\/div>\r\n\t\t\t\t<\/li>\r\n\t\t\t\t\t\t\t\t\t<li>\r\n\t\t\t\t\t<div class=\"foogallery-pile\">\r\n\t\t\t\t\t\t<div class=\"foogallery-pile-inner\">\r\n\t\t\t\t\t\t\t<a href=\"\/index.php?rest_route=%2Fwp%2Fv2%2Fpages%2F185&#038;gallery=szeged-vizmu-telepek-szivo-es-dekant-medencek-szerkezetepitese-2014-2015#galeria\" target=\"_self\">\r\n\t\t\t\t\t\t\t\t<img loading=\"lazy\" decoding=\"async\"  src=\"http:\/\/magyarzsalu.hu\/wp-content\/uploads\/cache\/2021\/03\/346-scaled\/188579169.jpg\" width=\"250\" height=\"250\" class=\"skip-lazy\" \/>\t\t\t\t\t\t\t\t\t\t\t\t\t\t\t\t<h3>SZEGED V\u00cdZM\u0170 TELEPEK SZIV\u00d3 \u00c9S DEKANT MEDENC\u00c9K SZERKEZET\u00c9P\u00cdT\u00c9SE (2014-2015)\t\t\t\t\t\t\t\t\t<span>3 images<\/span>\r\n\t\t\t\t\t\t\t\t<\/h3>\r\n\t\t\t\t\t\t\t<\/a>\r\n\t\t\t\t\t\t<\/div>\r\n\t\t\t\t\t<\/div>\r\n\t\t\t\t<\/li>\r\n\t\t\t\t\t\t\t\t\t<li>\r\n\t\t\t\t\t<div class=\"foogallery-pile\">\r\n\t\t\t\t\t\t<div class=\"foogallery-pile-inner\">\r\n\t\t\t\t\t\t\t<a href=\"\/index.php?rest_route=%2Fwp%2Fv2%2Fpages%2F185&#038;gallery=szeged-vizmu-telepek-vasbetonszerkezet-es-iparipadlokeszites-2014#galeria\" target=\"_self\">\r\n\t\t\t\t\t\t\t\t<img loading=\"lazy\" decoding=\"async\"  src=\"http:\/\/magyarzsalu.hu\/wp-content\/uploads\/cache\/2021\/03\/343\/714428858.jpg\" width=\"250\" height=\"250\" class=\"skip-lazy\" \/>\t\t\t\t\t\t\t\t\t\t\t\t\t\t\t\t<h3>SZEGED V\u00cdZM\u0170 TELEPEK VASBETONSZERKEZET \u00c9S IPARIPADL\u00d3K\u00c9SZ\u00cdT\u00c9S (2014)\t\t\t\t\t\t\t\t\t<span>4 images<\/span>\r\n\t\t\t\t\t\t\t\t<\/h3>\r\n\t\t\t\t\t\t\t<\/a>\r\n\t\t\t\t\t\t<\/div>\r\n\t\t\t\t\t<\/div>\r\n\t\t\t\t<\/li>\r\n\t\t\t\t\t\t\t\t\t<li>\r\n\t\t\t\t\t<div class=\"foogallery-pile\">\r\n\t\t\t\t\t\t<div class=\"foogallery-pile-inner\">\r\n\t\t\t\t\t\t\t<a href=\"\/index.php?rest_route=%2Fwp%2Fv2%2Fpages%2F185&#038;gallery=budapestcsepel-meo-irodaepulet-atalakitas-2013#galeria\" target=\"_self\">\r\n\t\t\t\t\t\t\t\t<img loading=\"lazy\" decoding=\"async\"  src=\"http:\/\/magyarzsalu.hu\/wp-content\/uploads\/cache\/2021\/03\/186\/1121385178.jpg\" width=\"250\" height=\"250\" class=\"skip-lazy\" \/>\t\t\t\t\t\t\t\t\t\t\t\t\t\t\t\t<h3>BUDAPEST(CSEPEL) MEO IRODA\u00c9P\u00dcLET \u00c1TALAK\u00cdT\u00c1S (2013)\t\t\t\t\t\t\t\t\t<span>16 images<\/span>\r\n\t\t\t\t\t\t\t\t<\/h3>\r\n\t\t\t\t\t\t\t<\/a>\r\n\t\t\t\t\t\t<\/div>\r\n\t\t\t\t\t<\/div>\r\n\t\t\t\t<\/li>\r\n\t\t\t\t\t\t\t\t\t<li>\r\n\t\t\t\t\t<div class=\"foogallery-pile\">\r\n\t\t\t\t\t\t<div class=\"foogallery-pile-inner\">\r\n\t\t\t\t\t\t\t<a href=\"\/index.php?rest_route=%2Fwp%2Fv2%2Fpages%2F185&#038;gallery=domaszek-automoso-2013#galeria\" target=\"_self\">\r\n\t\t\t\t\t\t\t\t<img loading=\"lazy\" decoding=\"async\"  src=\"http:\/\/magyarzsalu.hu\/wp-content\/uploads\/cache\/2021\/03\/223-scaled\/1376087633.jpg\" width=\"250\" height=\"250\" class=\"skip-lazy\" \/>\t\t\t\t\t\t\t\t\t\t\t\t\t\t\t\t<h3>DOMASZ\u00c9K AUT\u00d3MOS\u00d3 (2013)\t\t\t\t\t\t\t\t\t<span>21 images<\/span>\r\n\t\t\t\t\t\t\t\t<\/h3>\r\n\t\t\t\t\t\t\t<\/a>\r\n\t\t\t\t\t\t<\/div>\r\n\t\t\t\t\t<\/div>\r\n\t\t\t\t<\/li>\r\n\t\t\t\t\t\t\t\t\t<li>\r\n\t\t\t\t\t<div class=\"foogallery-pile\">\r\n\t\t\t\t\t\t<div class=\"foogallery-pile-inner\">\r\n\t\t\t\t\t\t\t<a href=\"\/index.php?rest_route=%2Fwp%2Fv2%2Fpages%2F185&#038;gallery=morahalom-diagnoszikai-egyseg-kivitelezese-ii-utem-2013#galeria\" target=\"_self\">\r\n\t\t\t\t\t\t\t\t<img loading=\"lazy\" decoding=\"async\"  src=\"http:\/\/magyarzsalu.hu\/wp-content\/uploads\/cache\/2021\/03\/309\/3407420598.jpg\" width=\"250\" height=\"250\" class=\"skip-lazy\" \/>\t\t\t\t\t\t\t\t\t\t\t\t\t\t\t\t<h3>M\u00d3RAHALOM DIAGNOSZIKAI EGYS\u00c9G KIVITELEZ\u00c9SE II.\u00dcTEM (2013)\t\t\t\t\t\t\t\t\t<span>25 images<\/span>\r\n\t\t\t\t\t\t\t\t<\/h3>\r\n\t\t\t\t\t\t\t<\/a>\r\n\t\t\t\t\t\t<\/div>\r\n\t\t\t\t\t<\/div>\r\n\t\t\t\t<\/li>\r\n\t\t\t\t\t\t\t\t\t<li>\r\n\t\t\t\t\t<div class=\"foogallery-pile\">\r\n\t\t\t\t\t\t<div class=\"foogallery-pile-inner\">\r\n\t\t\t\t\t\t\t<a href=\"\/index.php?rest_route=%2Fwp%2Fv2%2Fpages%2F185&#038;gallery=budapest-gyomroi-ut-irodahaz-felujitasa-2013#galeria\" target=\"_self\">\r\n\t\t\t\t\t\t\t\t<img loading=\"lazy\" decoding=\"async\"  src=\"http:\/\/magyarzsalu.hu\/wp-content\/uploads\/cache\/2021\/03\/193-scaled\/4288669283.jpg\" width=\"250\" height=\"250\" class=\"skip-lazy\" \/>\t\t\t\t\t\t\t\t\t\t\t\t\t\t\t\t<h3>BUDAPEST GY\u00d6MR\u0150I \u00daT IRODAH\u00c1Z FELUJ\u00cdT\u00c1SA (2013)\t\t\t\t\t\t\t\t\t<span>12 images<\/span>\r\n\t\t\t\t\t\t\t\t<\/h3>\r\n\t\t\t\t\t\t\t<\/a>\r\n\t\t\t\t\t\t<\/div>\r\n\t\t\t\t\t<\/div>\r\n\t\t\t\t<\/li>\r\n\t\t\t\t\t\t\t\t\t<li>\r\n\t\t\t\t\t<div class=\"foogallery-pile\">\r\n\t\t\t\t\t\t<div class=\"foogallery-pile-inner\">\r\n\t\t\t\t\t\t\t<a href=\"\/index.php?rest_route=%2Fwp%2Fv2%2Fpages%2F185&#038;gallery=budapest-csaronkepulet-rekonstrukcioja-2011-2012#galeria\" target=\"_self\">\r\n\t\t\t\t\t\t\t\t<img loading=\"lazy\" decoding=\"async\"  src=\"http:\/\/magyarzsalu.hu\/wp-content\/uploads\/cache\/2021\/03\/99\/2065766685.jpg\" width=\"250\" height=\"250\" class=\"skip-lazy\" \/>\t\t\t\t\t\t\t\t\t\t\t\t\t\t\t\t<h3>BUDAPEST, CSARONK\u00c9P\u00dcLET REKONSTRUKCI\u00d3JA (2011-2012)\t\t\t\t\t\t\t\t\t<span>12 images<\/span>\r\n\t\t\t\t\t\t\t\t<\/h3>\r\n\t\t\t\t\t\t\t<\/a>\r\n\t\t\t\t\t\t<\/div>\r\n\t\t\t\t\t<\/div>\r\n\t\t\t\t<\/li>\r\n\t\t\t\t\t\t\t\t\t<li>\r\n\t\t\t\t\t<div class=\"foogallery-pile\">\r\n\t\t\t\t\t\t<div class=\"foogallery-pile-inner\">\r\n\t\t\t\t\t\t\t<a href=\"\/index.php?rest_route=%2Fwp%2Fv2%2Fpages%2F185&#038;gallery=kecskemet-ipari-epuletek-bontasa-2011-2012#galeria\" target=\"_self\">\r\n\t\t\t\t\t\t\t\t<img loading=\"lazy\" decoding=\"async\"  src=\"http:\/\/magyarzsalu.hu\/wp-content\/uploads\/cache\/2021\/03\/98-scaled\/2116449175.jpg\" width=\"250\" height=\"250\" class=\"skip-lazy\" \/>\t\t\t\t\t\t\t\t\t\t\t\t\t\t\t\t<h3>KECSKEM\u00c9T, IPARI \u00c9P\u00dcLETEK BONT\u00c1SA (2011-2012)\t\t\t\t\t\t\t\t\t<span>18 images<\/span>\r\n\t\t\t\t\t\t\t\t<\/h3>\r\n\t\t\t\t\t\t\t<\/a>\r\n\t\t\t\t\t\t<\/div>\r\n\t\t\t\t\t<\/div>\r\n\t\t\t\t<\/li>\r\n\t\t\t\t\t\t\t\t\t<li>\r\n\t\t\t\t\t<div class=\"foogallery-pile\">\r\n\t\t\t\t\t\t<div class=\"foogallery-pile-inner\">\r\n\t\t\t\t\t\t\t<a href=\"\/index.php?rest_route=%2Fwp%2Fv2%2Fpages%2F185&#038;gallery=szeged-inkubatorhaz-kivitelezese-2200m2-2011#galeria\" target=\"_self\">\r\n\t\t\t\t\t\t\t\t<img loading=\"lazy\" decoding=\"async\"  src=\"http:\/\/magyarzsalu.hu\/wp-content\/uploads\/cache\/2021\/03\/63\/1508647799.jpg\" width=\"250\" height=\"250\" class=\"skip-lazy\" \/>\t\t\t\t\t\t\t\t\t\t\t\t\t\t\t\t<h3>SZEGED, INKUB\u00c1TORH\u00c1Z KIVITELEZ\u00c9SE 2200M2 (2011)\t\t\t\t\t\t\t\t\t<span>12 images<\/span>\r\n\t\t\t\t\t\t\t\t<\/h3>\r\n\t\t\t\t\t\t\t<\/a>\r\n\t\t\t\t\t\t<\/div>\r\n\t\t\t\t\t<\/div>\r\n\t\t\t\t<\/li>\r\n\t\t\t\t\t\t\t\t\t<li>\r\n\t\t\t\t\t<div class=\"foogallery-pile\">\r\n\t\t\t\t\t\t<div class=\"foogallery-pile-inner\">\r\n\t\t\t\t\t\t\t<a href=\"\/index.php?rest_route=%2Fwp%2Fv2%2Fpages%2F185&#038;gallery=szeged-automoso-es-kavezo-kivitelezese-2010#galeria\" target=\"_self\">\r\n\t\t\t\t\t\t\t\t<img loading=\"lazy\" decoding=\"async\"  src=\"http:\/\/magyarzsalu.hu\/wp-content\/uploads\/cache\/2021\/03\/49\/1943013656.jpg\" width=\"250\" height=\"250\" class=\"skip-lazy\" \/>\t\t\t\t\t\t\t\t\t\t\t\t\t\t\t\t<h3>SZEGED, AUT\u00d3MOS\u00d3 \u00c9S K\u00c1V\u00c9Z\u00d3 KIVITELEZ\u00c9SE (2010)\t\t\t\t\t\t\t\t\t<span>6 images<\/span>\r\n\t\t\t\t\t\t\t\t<\/h3>\r\n\t\t\t\t\t\t\t<\/a>\r\n\t\t\t\t\t\t<\/div>\r\n\t\t\t\t\t<\/div>\r\n\t\t\t\t<\/li>\r\n\t\t\t\t\t\t\t\t\t<li>\r\n\t\t\t\t\t<div class=\"foogallery-pile\">\r\n\t\t\t\t\t\t<div class=\"foogallery-pile-inner\">\r\n\t\t\t\t\t\t\t<a href=\"\/index.php?rest_route=%2Fwp%2Fv2%2Fpages%2F185&#038;gallery=szeged-irodahaz-kivitelezese-800-m2-2010#galeria\" target=\"_self\">\r\n\t\t\t\t\t\t\t\t<img loading=\"lazy\" decoding=\"async\"  src=\"http:\/\/magyarzsalu.hu\/wp-content\/uploads\/cache\/2021\/03\/43\/2950963572.jpg\" width=\"250\" height=\"250\" class=\"skip-lazy\" \/>\t\t\t\t\t\t\t\t\t\t\t\t\t\t\t\t<h3>SZEGED, IRODAH\u00c1Z KIVITELEZ\u00c9SE 800 M2 (2010)\t\t\t\t\t\t\t\t\t<span>7 images<\/span>\r\n\t\t\t\t\t\t\t\t<\/h3>\r\n\t\t\t\t\t\t\t<\/a>\r\n\t\t\t\t\t\t<\/div>\r\n\t\t\t\t\t<\/div>\r\n\t\t\t\t<\/li>\r\n\t\t\t\t\t\t\t\t\t<li>\r\n\t\t\t\t\t<div class=\"foogallery-pile\">\r\n\t\t\t\t\t\t<div class=\"foogallery-pile-inner\">\r\n\t\t\t\t\t\t\t<a href=\"\/index.php?rest_route=%2Fwp%2Fv2%2Fpages%2F185&#038;gallery=romania-raktarcsarnok-kivitelezese-600-m2-2010#galeria\" target=\"_self\">\r\n\t\t\t\t\t\t\t\t<img loading=\"lazy\" decoding=\"async\"  src=\"http:\/\/magyarzsalu.hu\/wp-content\/uploads\/cache\/2021\/03\/57\/3646379774.jpg\" width=\"250\" height=\"250\" class=\"skip-lazy\" \/>\t\t\t\t\t\t\t\t\t\t\t\t\t\t\t\t<h3>ROM\u00c1NIA, RAKT\u00c1RCSARNOK KIVITELEZ\u00c9SE 600 M2 (2010)\t\t\t\t\t\t\t\t\t<span>8 images<\/span>\r\n\t\t\t\t\t\t\t\t<\/h3>\r\n\t\t\t\t\t\t\t<\/a>\r\n\t\t\t\t\t\t<\/div>\r\n\t\t\t\t\t<\/div>\r\n\t\t\t\t<\/li>\r\n\t\t\t\t\t\t<\/ul>\r\n\t<div style=\"clear: both;\"><\/div>\r\n<\/div>\r\n\n","protected":false},"excerpt":{"rendered":"","protected":false},"author":1,"featured_media":0,"parent":0,"menu_order":0,"comment_status":"closed","ping_status":"closed","template":"","meta":{"_regular_price":[],"currency_symbol":[],"footnotes":""},"class_list":["post-185","page","type-page","status-publish","hentry"],"post_slider_layout_featured_media_urls":{"thumbnail":"","post_slider_layout_landscape_large":"","post_slider_layout_portrait_large":"","post_slider_layout_square_large":"","post_slider_layout_landscape":"","post_slider_layout_portrait":"","post_slider_layout_square":"","full":""},"_links":{"self":[{"href":"http:\/\/magyarzsalu.hu\/index.php?rest_route=\/wp\/v2\/pages\/185","targetHints":{"allow":["GET"]}}],"collection":[{"href":"http:\/\/magyarzsalu.hu\/index.php?rest_route=\/wp\/v2\/pages"}],"about":[{"href":"http:\/\/magyarzsalu.hu\/index.php?rest_route=\/wp\/v2\/types\/page"}],"author":[{"embeddable":true,"href":"http:\/\/magyarzsalu.hu\/index.php?rest_route=\/wp\/v2\/users\/1"}],"replies":[{"embeddable":true,"href":"http:\/\/magyarzsalu.hu\/index.php?rest_route=%2Fwp%2Fv2%2Fcomments&post=185"}],"version-history":[{"count":3,"href":"http:\/\/magyarzsalu.hu\/index.php?rest_route=\/wp\/v2\/pages\/185\/revisions"}],"predecessor-version":[{"id":190,"href":"http:\/\/magyarzsalu.hu\/index.php?rest_route=\/wp\/v2\/pages\/185\/revisions\/190"}],"wp:attachment":[{"href":"http:\/\/magyarzsalu.hu\/index.php?rest_route=%2Fwp%2Fv2%2Fmedia&parent=185"}],"curies":[{"name":"wp","href":"https:\/\/api.w.org\/{rel}","templated":true}]}}