{"id":2,"date":"2021-03-06T13:42:48","date_gmt":"2021-03-06T13:42:48","guid":{"rendered":"http:\/\/magyarzsalu.hu\/?page_id=2"},"modified":"2021-03-08T19:37:43","modified_gmt":"2021-03-08T19:37:43","slug":"ez-egy-minta-oldal","status":"publish","type":"page","link":"https:\/\/magyarzsalu.hu\/","title":{"rendered":"C\u00c9GBEMUTAT\u00d3"},"content":{"rendered":"\n<p>C\u00e9g\u00fcnk teljes k\u00f6r\u0171 \u00e9p\u00edt\u0151ipari gener\u00e1l kivitelez\u00e9ssel foglalkozik, a hagyom\u00e1nyos csal\u00e1di h\u00e1zakt\u00f3l kezdve a k\u00f6nny\u0171szerkezetes technol\u00f3gi\u00e1n \u00e1t az ipari csarnokokig. Min\u0151s\u00e9gi kivitelez\u00e9ssel, kimagasl\u00f3 szakmai rutinnal, k\u00e9pzett \u00e9p\u00edt\u0151ipari szakemberekkel, referenci\u00e1kkal v\u00e1llal munk\u00e1kat az orsz\u00e1g eg\u00e9sz ter\u00fclet\u00e9n \u00e9s k\u00fclf\u00f6ld\u00f6n is.<\/p>\n\n\n\n<div class=\"wp-block-image\"><figure class=\"alignright size-large\"><img loading=\"lazy\" decoding=\"async\" width=\"151\" height=\"333\" src=\"http:\/\/magyarzsalu.hu\/wp-content\/uploads\/2021\/03\/images-6.jpg\" alt=\"\" class=\"wp-image-7\" srcset=\"https:\/\/magyarzsalu.hu\/wp-content\/uploads\/2021\/03\/images-6.jpg 151w, https:\/\/magyarzsalu.hu\/wp-content\/uploads\/2021\/03\/images-6-136x300.jpg 136w\" sizes=\"auto, (max-width: 151px) 100vw, 151px\" \/><\/figure><\/div>\n\n\n\n<p>\u00dczleti strat\u00e9gi\u00e1nk alapvet\u0151 c\u00e9lkit\u0171z\u00e9se a vel\u00fcnk kapcsolatba ker\u00fcl\u0151 megrendel\u0151k, vev\u0151k el\u00e9gedetts\u00e9g\u00e9nek elnyer\u00e9se. Az \u00e1ltalunk l\u00e9trehozott \u00e9p\u00edtm\u00e9nyek m\u0171szaki \u00e9s eszt\u00e9tikai sz\u00ednvonal\u00e1t, min\u0151s\u00e9g\u00e9t eur\u00f3pai m\u00e9rc\u00e9vel m\u00e9rve is magas szinten tudjuk tartani, mivel hit\u00fcnk szerint manaps\u00e1g az \u00e9p\u00edt\u0151ipar ter\u00fclet\u00e9n ezen szempontok kiemelten fontosak.<\/p>\n\n\n\n<p>Els\u0151dleges c\u00e9lunk, hogy szolg\u00e1ltat\u00e1saink \u00e9s term\u00e9keink min\u0151s\u00e9ge megrendel\u0151ink ig\u00e9nyeinek maxim\u00e1lisan megfeleljenek.<\/p>\n\n\n\n<p>A gazdas\u00e1gi \u00e9s m\u0171szaki vezet\u00e9s a tulajdonos szem\u00e9lyes k\u00f6zrem\u0171k\u00f6d\u00e9s\u00e9vel t\u00f6rt\u00e9nik, aki az elm\u00falt k\u00e9t \u00e9vtizedben szerzett teljes k\u00f6r\u0171 szakmai, illetve v\u00e1llalkoz\u00f3i tapasztalatot az \u00e9p\u00edt\u0151ipar minden szak\u00e1g\u00e1ban.<\/p>\n\n\n\n<p>Szem el\u0151tt tartjuk a kiemelked\u0151 min\u0151s\u00e9g\u0171 munka v\u00e9gz\u00e9s\u00e9t, \u00fcgyfeleink magas sz\u00ednvonal\u00fa kiszolg\u00e1l\u00e1s\u00e1t. A kivitelez\u00e9si munk\u00e1latokat kiv\u00e1l\u00f3an felk\u00e9sz\u00fclt, alv\u00e1llalkoz\u00f3 partnereinkkel egy\u00fctt v\u00e9gezz\u00fck, akik a piaci k\u00f6vetelm\u00e9nyeknek megfelel\u0151en magas szint\u0171 naprak\u00e9sz szakmai tud\u00e1ssal, felk\u00e9sz\u00fclts\u00e9ggel \u00e9s referenci\u00e1kkal rendelkeznek.<\/p>\n\n\n\n<p>Amennyiben c\u00e9g\u00fcnk r\u00f6vid bemutatkoz\u00e1s\u00e1val felkeltett\u00fck \u00e9rdekl\u0151d\u00e9s\u00e9t, \u00f6r\u00f6mmel vessz\u00fck megkeres\u00e9s\u00e9t&nbsp;el\u00e9rhet\u0151s\u00e9geinken!<\/p>\n\n\n\n<div class=\"wp-block-image\"><figure class=\"aligncenter size-large\"><img loading=\"lazy\" decoding=\"async\" width=\"580\" height=\"435\" src=\"http:\/\/magyarzsalu.hu\/wp-content\/uploads\/2021\/03\/DSCF0313.jpg\" alt=\"\" class=\"wp-image-6\" srcset=\"https:\/\/magyarzsalu.hu\/wp-content\/uploads\/2021\/03\/DSCF0313.jpg 580w, https:\/\/magyarzsalu.hu\/wp-content\/uploads\/2021\/03\/DSCF0313-300x225.jpg 300w\" sizes=\"auto, (max-width: 580px) 100vw, 580px\" \/><\/figure><\/div>\n\n\n\n<div class=\"szechenyi2020\"><a href=\"\/?page_id=154\"><img decoding=\"async\" src=\"\/szechenyi2020\/szechenyi2020.png?123\" style=\"width: 300px; z-index: 10000000;\"><\/a><\/div>\n\n\n\n<p><\/p>\n","protected":false},"excerpt":{"rendered":"<p>C\u00e9g\u00fcnk teljes k\u00f6r\u0171 \u00e9p\u00edt\u0151ipari gener\u00e1l kivitelez\u00e9ssel foglalkozik, a hagyom\u00e1nyos csal\u00e1di h\u00e1zakt\u00f3l kezdve a k\u00f6nny\u0171szerkezetes technol\u00f3gi\u00e1n \u00e1t az ipari csarnokokig. Min\u0151s\u00e9gi kivitelez\u00e9ssel, kimagasl\u00f3 szakmai rutinnal, k\u00e9pzett \u00e9p\u00edt\u0151ipari szakemberekkel, referenci\u00e1kkal v\u00e1llal munk\u00e1kat az orsz\u00e1g eg\u00e9sz ter\u00fclet\u00e9n \u00e9s k\u00fclf\u00f6ld\u00f6n is. \u00dczleti strat\u00e9gi\u00e1nk alapvet\u0151 c\u00e9lkit\u0171z\u00e9se a vel\u00fcnk kapcsolatba ker\u00fcl\u0151 megrendel\u0151k, vev\u0151k el\u00e9gedetts\u00e9g\u00e9nek elnyer\u00e9se. Az \u00e1ltalunk l\u00e9trehozott \u00e9p\u00edtm\u00e9nyek m\u0171szaki \u00e9s [&hellip;]<\/p>\n","protected":false},"author":1,"featured_media":0,"parent":0,"menu_order":0,"comment_status":"closed","ping_status":"open","template":"","meta":{"_regular_price":[],"currency_symbol":[],"footnotes":""},"class_list":["post-2","page","type-page","status-publish","hentry"],"post_slider_layout_featured_media_urls":{"thumbnail":"","post_slider_layout_landscape_large":"","post_slider_layout_portrait_large":"","post_slider_layout_square_large":"","post_slider_layout_landscape":"","post_slider_layout_portrait":"","post_slider_layout_square":"","full":""},"_links":{"self":[{"href":"https:\/\/magyarzsalu.hu\/index.php?rest_route=\/wp\/v2\/pages\/2","targetHints":{"allow":["GET"]}}],"collection":[{"href":"https:\/\/magyarzsalu.hu\/index.php?rest_route=\/wp\/v2\/pages"}],"about":[{"href":"https:\/\/magyarzsalu.hu\/index.php?rest_route=\/wp\/v2\/types\/page"}],"author":[{"embeddable":true,"href":"https:\/\/magyarzsalu.hu\/index.php?rest_route=\/wp\/v2\/users\/1"}],"replies":[{"embeddable":true,"href":"https:\/\/magyarzsalu.hu\/index.php?rest_route=%2Fwp%2Fv2%2Fcomments&post=2"}],"version-history":[{"count":17,"href":"https:\/\/magyarzsalu.hu\/index.php?rest_route=\/wp\/v2\/pages\/2\/revisions"}],"predecessor-version":[{"id":461,"href":"https:\/\/magyarzsalu.hu\/index.php?rest_route=\/wp\/v2\/pages\/2\/revisions\/461"}],"wp:attachment":[{"href":"https:\/\/magyarzsalu.hu\/index.php?rest_route=%2Fwp%2Fv2%2Fmedia&parent=2"}],"curies":[{"name":"wp","href":"https:\/\/api.w.org\/{rel}","templated":true}]}}