{"id":3,"date":"2021-03-06T13:42:48","date_gmt":"2021-03-06T13:42:48","guid":{"rendered":"http:\/\/magyarzsalu.hu\/?page_id=3"},"modified":"2024-11-18T06:31:44","modified_gmt":"2024-11-18T06:31:44","slug":"adatkezelesi-tajekoztato","status":"publish","type":"page","link":"https:\/\/magyarzsalu.hu\/?page_id=3","title":{"rendered":"El\u00e9rhet\u0151s\u00e9geink"},"content":{"rendered":"\n<figure class=\"wp-block-table is-style-regular\"><table><tbody><tr><td><strong>Irod\u00e1nk:<br>6724 Szeged, Keny\u00e9rgy\u00e1ri \u00fat 8.<br>Email c\u00edm: info@magyarzsalu.hu<\/strong><\/td><\/tr><tr><td><strong>Sz\u00e9khely:<br>6724 Szeged, Keny\u00e9rgy\u00e1ri \u00fat 8<\/strong><\/td><\/tr><\/tbody><\/table><\/figure>\n\n\n\n<p><\/p>\n\n\n\n<p><\/p>\n\n\n\n<p><\/p>\n\n\n\n<p><\/p>\n\n\n\n<p><\/p>\n","protected":false},"excerpt":{"rendered":"<p>Irod\u00e1nk:6724 Szeged, Keny\u00e9rgy\u00e1ri \u00fat 8.Email c\u00edm: info@magyarzsalu.hu Sz\u00e9khely:6724 Szeged, Keny\u00e9rgy\u00e1ri \u00fat 8<\/p>\n","protected":false},"author":1,"featured_media":0,"parent":0,"menu_order":0,"comment_status":"closed","ping_status":"open","template":"","meta":{"_regular_price":[],"currency_symbol":[],"footnotes":""},"class_list":["post-3","page","type-page","status-publish","hentry"],"post_slider_layout_featured_media_urls":{"thumbnail":"","post_slider_layout_landscape_large":"","post_slider_layout_portrait_large":"","post_slider_layout_square_large":"","post_slider_layout_landscape":"","post_slider_layout_portrait":"","post_slider_layout_square":"","full":""},"_links":{"self":[{"href":"https:\/\/magyarzsalu.hu\/index.php?rest_route=\/wp\/v2\/pages\/3","targetHints":{"allow":["GET"]}}],"collection":[{"href":"https:\/\/magyarzsalu.hu\/index.php?rest_route=\/wp\/v2\/pages"}],"about":[{"href":"https:\/\/magyarzsalu.hu\/index.php?rest_route=\/wp\/v2\/types\/page"}],"author":[{"embeddable":true,"href":"https:\/\/magyarzsalu.hu\/index.php?rest_route=\/wp\/v2\/users\/1"}],"replies":[{"embeddable":true,"href":"https:\/\/magyarzsalu.hu\/index.php?rest_route=%2Fwp%2Fv2%2Fcomments&post=3"}],"version-history":[{"count":5,"href":"https:\/\/magyarzsalu.hu\/index.php?rest_route=\/wp\/v2\/pages\/3\/revisions"}],"predecessor-version":[{"id":564,"href":"https:\/\/magyarzsalu.hu\/index.php?rest_route=\/wp\/v2\/pages\/3\/revisions\/564"}],"wp:attachment":[{"href":"https:\/\/magyarzsalu.hu\/index.php?rest_route=%2Fwp%2Fv2%2Fmedia&parent=3"}],"curies":[{"name":"wp","href":"https:\/\/api.w.org\/{rel}","templated":true}]}}